{"id":588,"date":"2019-11-18T13:41:23","date_gmt":"2019-11-18T13:41:23","guid":{"rendered":"http:\/\/invotas.com\/?page_id=588"},"modified":"2020-06-09T15:38:58","modified_gmt":"2020-06-09T15:38:58","slug":"impressum","status":"publish","type":"page","link":"http:\/\/invotas.com\/?page_id=588","title":{"rendered":"Impressum"},"content":{"rendered":"<div class=\"brz-root__container brz-reset-all\">\n<section id=\"yxenfdevlzfqyqeeyzxbfhgpdmgugzkiexag\" class=\"brz-section brz-css-yvxtx\" data-uid=\"yxenfdevlzfqyqeeyzxbfhgpdmgugzkiexag\">\n<div class=\"brz-section__items\">\n<div class=\"brz-section__content brz-section--boxed\" data-custom-id=\"qtljtjwplyodaxwyjbwvvpkxwevwctigggzj\">\n<div class=\"brz-bg brz-css-vvhkd brz-css-acbsz\">\n<div class=\"brz-bg-media\">\n<div class=\"brz-bg-color\"><\/div>\n<\/div>\n<div class=\"brz-bg-content\">\n<div class=\"brz-container__wrap brz-css-czivn\">\n<div class=\"brz-container brz-css-pwsxq brz-css-pjvzc\">\n<div class=\"brz-row__container brz-css-vujfq\" data-custom-id=\"iyaebnueoxfkxcliqhcputpqgboirdlexcdb\">\n<div class=\"brz-bg brz-flex-xs-wrap brz-row__bg brz-css-gjkxv\">\n<div class=\"brz-bg-content\">\n<div class=\"brz-row brz-css-weqhc brz-css-xtxfr\">\n<div class=\"brz-columns brz-css-ktnya brz-css-kyrxd\" data-custom-id=\"obuwusmktzcjlsfbxafogmzpcuazvahcynlu\">\n<div class=\"brz-bg brz-css-euhwl\">\n<div class=\"brz-bg-content\">\n<div class=\"brz-wrapper brz-css-tpjuh\">\n<div class=\"brz-d-xs-flex brz-css-pgivo brz-css-rejma\">\n<div class=\"brz-image css-18oap30\"><img decoding=\"async\" alt=\"{{ brizy_dc_image_alt uid='wp-9382ade639d44534d0721d87b9e97e6f' }}\" class=\"brz-img brz-p-absolute\" src=\"{@brizy_SITE_URL_PLACEHOLDER@}\/?brizy_media=wp-9382ade639d44534d0721d87b9e97e6f&amp;brizy_crop=iW%3D618%26iH%3D411%26oX%3D125%26oY%3D0%26cW%3D368%26cH%3D411&amp;brizy_post=588\"><\/div>\n<\/div>\n<\/div>\n<\/div>\n<\/div>\n<\/div>\n<div class=\"brz-columns brz-css-ktnya brz-css-fmfkt\" data-custom-id=\"yopomvcqefkfebfvrjbxuogevjbwoysbkyuv\">\n<div class=\"brz-bg brz-css-euhwl brz-css-rxjmo\">\n<div class=\"brz-bg-media\">\n<div class=\"brz-bg-color\"><\/div>\n<\/div>\n<div class=\"brz-bg-content\">\n<div class=\"brz-wrapper brz-css-tpjuh\">\n<div class=\"brz-d-xs-flex brz-css-pgivo\">\n<div class=\"brz-rich-text\" data-custom-id=\"zpleiooejcbkuxmoqduoyatnzilzqnauytsd\">\n<p class=\"brz-tp-heading3\">Verantwortlich f\u00fcr den Inhalt der Seiten<\/p>\n<\/div>\n<\/div>\n<\/div>\n<div class=\"brz-wrapper brz-css-tpjuh\">\n<div class=\"brz-d-xs-flex brz-css-pgivo\">\n<div class=\"brz-rich-text\" data-custom-id=\"wxqlswwpozucwjnktjircmmeznrjtoexanvo\">\n<p class=\"brz-tp-paragraph\"><span class=\"brz-cp-color7\">invotas AG <\/span><\/p>\n<p class=\"brz-tp-paragraph\"><span class=\"brz-cp-color7\">Zollikerstrasse 33<\/span><\/p>\n<p class=\"brz-tp-paragraph\"><span class=\"brz-cp-color7\">8702 Zollikon<\/span><\/p>\n<p class=\"brz-tp-paragraph\"><span class=\"brz-cp-color7\">Schweiz <\/span><\/p>\n<\/div>\n<\/div>\n<\/div>\n<div class=\"brz-wrapper brz-css-tpjuh\">\n<div class=\"brz-d-xs-flex brz-css-pgivo\">\n<div class=\"brz-rich-text\" data-custom-id=\"izcocayvfwhnxrytgsnhawktbfaifijbfjod\">\n<p class=\"brz-tp-paragraph\"><span class=\"brz-cp-color7\">UID\u00a0: CHE-283.408.552<\/span><\/p>\n<p class=\"brz-tp-paragraph\"><span class=\"brz-cp-color7\"> <\/span><\/p>\n<p class=\"brz-tp-paragraph\"><span class=\"brz-cp-color7\">Tel. +41 44 380 40 22 <\/span><\/p>\n<p class=\"brz-tp-paragraph\"><span class=\"brz-cp-color7\">Email: info@invotas.com<\/span><\/p>\n<\/div>\n<\/div>\n<\/div>\n<\/div>\n<\/div>\n<\/div>\n<\/div>\n<\/div>\n<\/div>\n<\/div>\n<div class=\"brz-wrapper brz-css-tpjuh\">\n<div class=\"brz-d-xs-flex brz-css-pgivo brz-css-lylxd\">\n<div class=\"brz-spacer brz-css-dhdbc brz-css-uknhu\"><\/div>\n<\/div>\n<\/div>\n<div class=\"brz-row__container brz-css-vujfq\" data-custom-id=\"xqlgbrnrfnxuaibgcrzjgfkcreseoahrdkxk\">\n<div class=\"brz-bg brz-flex-xs-wrap brz-row__bg brz-css-gjkxv\">\n<div class=\"brz-bg-content\">\n<div class=\"brz-row brz-css-weqhc brz-css-xtxfr\">\n<div class=\"brz-columns brz-css-ktnya brz-css-yycju\" data-custom-id=\"yknjfmzvlhzotlvelsfxtrndssskjryrojwy\">\n<div class=\"brz-bg brz-css-euhwl brz-css-sxdth\">\n<div class=\"brz-bg-media\">\n<div class=\"brz-bg-color\"><\/div>\n<\/div>\n<div class=\"brz-bg-content\">\n<div class=\"brz-wrapper brz-css-tpjuh\">\n<div class=\"brz-d-xs-flex brz-css-pgivo\">\n<div class=\"brz-rich-text\" data-custom-id=\"lnujquctgbkhvqjglwkxknjzwxuqyfvpcwba\">\n<h3 class=\"brz-tp-heading3\">Waiver<\/h3>\n<\/div>\n<\/div>\n<\/div>\n<div class=\"brz-wrapper brz-css-tpjuh\">\n<div class=\"brz-d-xs-flex brz-css-pgivo\">\n<div class=\"brz-rich-text\" data-custom-id=\"strjvqsqrvkglxubrwpzdizxbbmmituuzwlt\">\n<p class=\"brz-tp-paragraph\">Alle Texte und Links wurden sorgf\u00e4ltig gepr\u00fcft und werden laufend aktualisiert. Wir sind bem\u00fcht, richtige und vollst\u00e4ndige Informationen auf dieser Website bereitzustellen, \u00fcbernehmen aber keinerlei Verantwortung, Garantien oder Haftung daf\u00fcr, dass die durch diese Website bereitgestellten Informationen, richtig, vollst\u00e4ndig oder aktuell sind. Wir behalten uns das Recht vor, jederzeit und ohne Vorank\u00fcndigung die Informationen auf dieser Website zu \u00e4ndern und verpflichten uns auch nicht, die enthaltenen Informationen zu aktualisieren. Alle Links zu externen Anbietern wurden zum Zeitpunkt ihrer Aufnahme auf ihre Richtigkeit \u00fcberpr\u00fcft, dennoch haften wir nicht f\u00fcr Inhalte und Verf\u00fcgbarkeit von Websites, die mittels Hyperlinks zu erreichen sind. F\u00fcr illegale, fehlerhafte oder unvollst\u00e4ndige Inhalte und insbesondere f\u00fcr Sch\u00e4den, die durch Inhalte verkn\u00fcpfter Seiten entstehen, haftet allein der Anbieter der Seite, auf welche verwiesen wurde. Dabei ist es gleichg\u00fcltig, ob der Schaden direkter, indirekter oder finanzieller Natur ist oder ein sonstiger Schaden vorliegt, der sich aus Datenverlust, Nutzungsausfall oder anderen Gr\u00fcnden aller Art ergeben k\u00f6nnte. <span class=\"brz-cp-color7\"> <\/span><\/p>\n<\/div>\n<\/div>\n<\/div>\n<\/div>\n<\/div>\n<\/div>\n<div class=\"brz-columns brz-css-ktnya brz-css-vkkjq\" data-custom-id=\"dofxdykhwuupqmgdgweqfcdblqhlxeutmmjw\">\n<div class=\"brz-bg brz-css-euhwl\">\n<div class=\"brz-bg-content\">\n<div class=\"brz-wrapper brz-css-tpjuh\">\n<div class=\"brz-d-xs-flex brz-css-pgivo brz-css-ietei\">\n<div class=\"brz-image css-18oap30\"><img decoding=\"async\" alt=\"{{ brizy_dc_image_alt uid='wp-ce06c5fe7438bb19a626b5b148d9520f' }}\" class=\"brz-img brz-p-absolute\" src=\"{@brizy_SITE_URL_PLACEHOLDER@}\/?brizy_media=wp-ce06c5fe7438bb19a626b5b148d9520f&amp;brizy_crop=iW%3D395%26iH%3D674%26oX%3D78%26oY%3D31%26cW%3D240%26cH%3D612&amp;brizy_post=588\"><\/div>\n<\/div>\n<\/div>\n<\/div>\n<\/div>\n<\/div>\n<\/div>\n<\/div>\n<\/div>\n<\/div>\n<\/div>\n<\/div>\n<\/div>\n<\/div>\n<\/div>\n<\/div>\n<\/section>\n<div class=\"brz-root__container-after\"><\/div>\n<\/div>\n<p><!-- t:1591717138 --><\/p>\n","protected":false},"excerpt":{"rendered":"<p>Verantwortlich f\u00fcr den Inhalt der Seiten invotas AG Zollikerstrasse 33 8702 Zollikon Schweiz UID\u00a0: CHE-283.408.552 Tel. +41 44 380 40 22 Email: info@invotas.com Waiver Alle Texte und Links wurden sorgf\u00e4ltig gepr\u00fcft und werden laufend aktualisiert. Wir sind bem\u00fcht, richtige und vollst\u00e4ndige Informationen auf dieser Website bereitzustellen, \u00fcbernehmen aber keinerlei Verantwortung, Garantien oder Haftung daf\u00fcr, dass&hellip;&nbsp;<a href=\"http:\/\/invotas.com\/?page_id=588\" class=\"\" rel=\"bookmark\">Weiterlesen &raquo;<span class=\"screen-reader-text\">Impressum<\/span><\/a><\/p>\n","protected":false},"author":1,"featured_media":0,"parent":0,"menu_order":0,"comment_status":"closed","ping_status":"closed","template":"brizy-blank-template.php","meta":{"neve_meta_sidebar":"full-width","neve_meta_container":"","neve_meta_enable_content_width":"on","neve_meta_content_width":100,"neve_meta_title_alignment":"","neve_meta_author_avatar":"","neve_post_elements_order":"","neve_meta_disable_header":"","neve_meta_disable_footer":"","neve_meta_disable_title":"","footnotes":""},"brizy_attachment_focal_point":"","_links":{"self":[{"href":"http:\/\/invotas.com\/index.php?rest_route=\/wp\/v2\/pages\/588"}],"collection":[{"href":"http:\/\/invotas.com\/index.php?rest_route=\/wp\/v2\/pages"}],"about":[{"href":"http:\/\/invotas.com\/index.php?rest_route=\/wp\/v2\/types\/page"}],"author":[{"embeddable":true,"href":"http:\/\/invotas.com\/index.php?rest_route=\/wp\/v2\/users\/1"}],"replies":[{"embeddable":true,"href":"http:\/\/invotas.com\/index.php?rest_route=%2Fwp%2Fv2%2Fcomments&post=588"}],"version-history":[{"count":16,"href":"http:\/\/invotas.com\/index.php?rest_route=\/wp\/v2\/pages\/588\/revisions"}],"predecessor-version":[{"id":1123,"href":"http:\/\/invotas.com\/index.php?rest_route=\/wp\/v2\/pages\/588\/revisions\/1123"}],"wp:attachment":[{"href":"http:\/\/invotas.com\/index.php?rest_route=%2Fwp%2Fv2%2Fmedia&parent=588"}],"curies":[{"name":"wp","href":"https:\/\/api.w.org\/{rel}","templated":true}]}}